{"id":5163,"date":"2022-02-14T13:18:46","date_gmt":"2022-02-14T12:18:46","guid":{"rendered":"https:\/\/www.villevesuviane.net\/?page_id=5163"},"modified":"2022-02-14T18:13:21","modified_gmt":"2022-02-14T17:13:21","slug":"premio-di-poesia-villa-delle-ginestre-iii-edizione-2022","status":"publish","type":"page","link":"https:\/\/www.villevesuviane.net\/en\/premio-di-poesia-villa-delle-ginestre-iii-edizione-2022\/","title":{"rendered":"Premio di Poesia &#8220;Villa delle Ginestre&#8221; III Edizione 2022"},"content":{"rendered":"\t\t<div data-elementor-type=\"wp-page\" data-elementor-id=\"5163\" class=\"elementor elementor-5163\" data-elementor-post-type=\"page\">\n\t\t\t\t\t\t<section class=\"elementor-section elementor-top-section elementor-element elementor-element-836138c elementor-section-boxed elementor-section-height-default elementor-section-height-default\" data-id=\"836138c\" data-element_type=\"section\" data-e-type=\"section\">\n\t\t\t\t\t\t<div class=\"elementor-container elementor-column-gap-default\">\n\t\t\t\t\t<div class=\"elementor-column elementor-col-100 elementor-top-column elementor-element elementor-element-21b4e65\" data-id=\"21b4e65\" data-element_type=\"column\" data-e-type=\"column\">\n\t\t\t<div class=\"elementor-widget-wrap elementor-element-populated\">\n\t\t\t\t\t\t<div class=\"elementor-element elementor-element-0fa84f4 elementor-widget elementor-widget-image\" data-id=\"0fa84f4\" data-element_type=\"widget\" data-e-type=\"widget\" data-widget_type=\"image.default\">\n\t\t\t\t<div class=\"elementor-widget-container\">\n\t\t\t\t\t\t\t\t\t\t\t\t\t\t\t<img fetchpriority=\"high\" decoding=\"async\" width=\"1248\" height=\"393\" src=\"https:\/\/www.villevesuviane.net\/wp-content\/uploads\/2022\/02\/banner-sito-bando.jpg\" class=\"attachment-full size-full wp-image-5169\" alt=\"\" srcset=\"https:\/\/www.villevesuviane.net\/wp-content\/uploads\/2022\/02\/banner-sito-bando.jpg 1248w, https:\/\/www.villevesuviane.net\/wp-content\/uploads\/2022\/02\/banner-sito-bando-300x94.jpg 300w, https:\/\/www.villevesuviane.net\/wp-content\/uploads\/2022\/02\/banner-sito-bando-1024x322.jpg 1024w, https:\/\/www.villevesuviane.net\/wp-content\/uploads\/2022\/02\/banner-sito-bando-768x242.jpg 768w\" sizes=\"(max-width: 1248px) 100vw, 1248px\" \/>\t\t\t\t\t\t\t\t\t\t\t\t\t\t\t<\/div>\n\t\t\t\t<\/div>\n\t\t\t\t<div class=\"elementor-element elementor-element-e13a5e1 elementor-widget elementor-widget-spacer\" data-id=\"e13a5e1\" data-element_type=\"widget\" data-e-type=\"widget\" data-widget_type=\"spacer.default\">\n\t\t\t\t<div class=\"elementor-widget-container\">\n\t\t\t\t\t\t\t<div class=\"elementor-spacer\">\n\t\t\t<div class=\"elementor-spacer-inner\"><\/div>\n\t\t<\/div>\n\t\t\t\t\t\t<\/div>\n\t\t\t\t<\/div>\n\t\t\t\t<div class=\"elementor-element elementor-element-cf7980d elementor-widget elementor-widget-text-editor\" data-id=\"cf7980d\" data-element_type=\"widget\" data-e-type=\"widget\" data-widget_type=\"text-editor.default\">\n\t\t\t\t<div class=\"elementor-widget-container\">\n\t\t\t\t\t\t\t\t\t<h2 style=\"text-align: left;\"><b>PREMIO DI POESIA &#8220;VILLA DELLE GINESTRE&#8221; III EDIZIONE 2022<\/b><\/h2><p>\u00a0<\/p><p><strong>Art.1<br \/><\/strong>La Fondazione Ente per le Ville Vesuviane indice la terza edizione del \u201cPremio di Poesia Villa delle Ginestre&#8221;, con sede in Villa delle Ginestre &#8211; Torre del Greco.<\/p><p><strong>Art.2<\/strong><br \/>Il Premio ha l\u2019obiettivo di valorizzare giovani autori \u2013 di et\u00e0 non superiore ai 30 anni \u2013 che concorreranno con una raccolta inedita di poesie in lingua italiana \u2013 costituita da almeno 10 componimenti \u2013 spedita entro il 30 maggio 2022 all\u2019indirizzo <a href=\"mailto:villadelleginestre@villevesuviane.net\">villadelleginestre@villevesuviane.net<\/a>.<\/p><p><strong>Art. 3<br \/><\/strong>Ai cinque finalisti, selezionati dalla Giuria, verr\u00e0 offerta la possibilit\u00e0 di partecipare ad un <em>workshop<\/em> sulla poesia, interamente finanziato dalla Fondazione, che si terr\u00e0 a Torre del Greco nei giorni che precedono la premiazione, prevista per il 29 giugno 2022, giornata dedicata alle Celebrazioni Leopardiane. <br \/>Durante la cerimonia finale \u00e8 prevista la lettura di uno o pi\u00f9 componimenti di ogni finalista. Al momento della premiazione, al vincitore verr\u00e0 conferito un premio di <strong>\u20ac 1.000,00<\/strong>.<strong><br \/><\/strong><\/p><p><strong>Art. 4<br \/><\/strong>La mancata partecipazione degli autori finalisti al <em>workshop<\/em> e alla cerimonia di premiazione far\u00e0 decadere, salvo grave e provato impedimento, il diritto a rientrare nella cinquina finale per il conferimento del Premio.<strong><br \/><\/strong><\/p><p><strong>Art. 5<br \/><\/strong>Non \u00e8 prevista alcuna quota di partecipazione.\u00a0<\/p><p><strong>Art. 6<\/strong><br \/>Non saranno ammessi testi gi\u00e0 pubblicati in internet o in formato cartaceo. <\/p><p><strong>Art. 7<\/strong><br \/>Le raccolte pervenute saranno inoltrate dalla Segreteria Organizzativa del Premio ai membri della Giuria.<\/p><p><strong>Art. 8<\/strong><br \/>Le e-mail, contenenti le raccolte di poesie ed i dati anagrafici esclusivamente in formato Pdf, dovranno essere inviate all\u2019indirizzo <a href=\"mailto:villadelleginestre@villevesuviane.net\">villadelleginestre@villevesuviane.net<\/a> ponendo nell\u2019Oggetto la dicitura \u201c<strong>Partecipazione Premio di poesia Villa delle Ginestre III Edizione<\/strong>\u201d e dovranno essere costituite da <strong>due file PDF<\/strong> suddivisi in:<br \/><br \/>&#8211; un solo file dalla dicitura \u201cDati anagrafici nome cognome\u201d (es. Dati anagrafici Paolo Rossi) con i dati anagrafici dell\u2019autore (di et\u00e0 non superiore ai 30 anni, pena l\u2019impossibilit\u00e0 a partecipare al bando in oggetto) con una fotocopia del documento d&#8217;identit\u00e0 fronte retro, debitamente firmata, un recapito telefonico dell\u2019autore \u2013 fisso o mobile \u2013, l\u2019indirizzo e-mail e l\u2019esplicita autorizzazione al trattamento dei dati personali e ad eventuale pubblicazione dei componimenti;<br \/><br \/>&#8211; un solo file dalla dicitura \u201cComponimenti nome cognome\u201d (es. Componimenti Paolo Rossi) con i componimenti in anonimo \u2013 minimo 10.<br \/><br \/>Per i minori, per partecipare sar\u00e0 necessario l\u2019assenso al trattamento dei dati da parte di un genitore\/tutore, il quale andr\u00e0 inviato insieme ai documenti sopra elencati (in questo caso inviare i documenti sia del genitore\/tutore sia del minore che partecipa al concorso) e sempre nel solo formato PDF. <\/p><p><strong>Art. 9<br \/><\/strong>La Segreteria Organizzativa comunicher\u00e0 via e-mail o telefonicamente i risultati della selezione.<strong><br \/><\/strong><\/p>\t\t\t\t\t\t\t\t<\/div>\n\t\t\t\t<\/div>\n\t\t\t\t\t<\/div>\n\t\t<\/div>\n\t\t\t\t\t<\/div>\n\t\t<\/section>\n\t\t\t\t<section class=\"elementor-section elementor-top-section elementor-element elementor-element-b4d49bd elementor-section-boxed elementor-section-height-default elementor-section-height-default\" data-id=\"b4d49bd\" data-element_type=\"section\" data-e-type=\"section\">\n\t\t\t\t\t\t<div class=\"elementor-container elementor-column-gap-default\">\n\t\t\t\t\t<div class=\"elementor-column elementor-col-50 elementor-top-column elementor-element elementor-element-12d153d\" data-id=\"12d153d\" data-element_type=\"column\" data-e-type=\"column\">\n\t\t\t<div class=\"elementor-widget-wrap elementor-element-populated\">\n\t\t\t\t\t\t<div class=\"elementor-element elementor-element-f54d318 elementor-widget elementor-widget-text-editor\" data-id=\"f54d318\" data-element_type=\"widget\" data-e-type=\"widget\" data-widget_type=\"text-editor.default\">\n\t\t\t\t<div class=\"elementor-widget-container\">\n\t\t\t\t\t\t\t\t\t<p style=\"text-align: center;\"><b>SCARICA IL BANDO E PARTECIPA<\/b><\/p>\t\t\t\t\t\t\t\t<\/div>\n\t\t\t\t<\/div>\n\t\t\t\t<div class=\"elementor-element elementor-element-b5b5099 elementor-align-center elementor-widget elementor-widget-button\" data-id=\"b5b5099\" data-element_type=\"widget\" data-e-type=\"widget\" data-widget_type=\"button.default\">\n\t\t\t\t<div class=\"elementor-widget-container\">\n\t\t\t\t\t\t\t\t\t<div class=\"elementor-button-wrapper\">\n\t\t\t\t\t<a class=\"elementor-button elementor-button-link elementor-size-sm\" href=\"https:\/\/www.villevesuviane.net\/wp-content\/uploads\/2022\/02\/ed.-2022-BANDO-Premio-Poesia-Villa-delle-Ginestre-III.pdf\" target=\"_blank\">\n\t\t\t\t\t\t<span class=\"elementor-button-content-wrapper\">\n\t\t\t\t\t\t\t\t\t<span class=\"elementor-button-text\">SCARICA L'ALLEGATO<\/span>\n\t\t\t\t\t<\/span>\n\t\t\t\t\t<\/a>\n\t\t\t\t<\/div>\n\t\t\t\t\t\t\t\t<\/div>\n\t\t\t\t<\/div>\n\t\t\t\t\t<\/div>\n\t\t<\/div>\n\t\t\t\t<div class=\"elementor-column elementor-col-50 elementor-top-column elementor-element elementor-element-92a1dc4\" data-id=\"92a1dc4\" data-element_type=\"column\" data-e-type=\"column\">\n\t\t\t<div class=\"elementor-widget-wrap elementor-element-populated\">\n\t\t\t\t\t\t<div class=\"elementor-element elementor-element-3deadc3 elementor-widget elementor-widget-text-editor\" data-id=\"3deadc3\" data-element_type=\"widget\" data-e-type=\"widget\" data-widget_type=\"text-editor.default\">\n\t\t\t\t<div class=\"elementor-widget-container\">\n\t\t\t\t\t\t\t\t\t<p style=\"text-align: center;\"><b>INVIA LA TUA POESIA<\/b><\/p>\t\t\t\t\t\t\t\t<\/div>\n\t\t\t\t<\/div>\n\t\t\t\t<div class=\"elementor-element elementor-element-1374223 elementor-align-center elementor-widget elementor-widget-button\" data-id=\"1374223\" data-element_type=\"widget\" data-e-type=\"widget\" data-widget_type=\"button.default\">\n\t\t\t\t<div class=\"elementor-widget-container\">\n\t\t\t\t\t\t\t\t\t<div class=\"elementor-button-wrapper\">\n\t\t\t\t\t<a class=\"elementor-button elementor-button-link elementor-size-sm\" href=\"mailto:villadelleginestre@villevesuviane.net\" target=\"_blank\">\n\t\t\t\t\t\t<span class=\"elementor-button-content-wrapper\">\n\t\t\t\t\t\t\t\t\t<span class=\"elementor-button-text\">INVIA <\/span>\n\t\t\t\t\t<\/span>\n\t\t\t\t\t<\/a>\n\t\t\t\t<\/div>\n\t\t\t\t\t\t\t\t<\/div>\n\t\t\t\t<\/div>\n\t\t\t\t\t<\/div>\n\t\t<\/div>\n\t\t\t\t\t<\/div>\n\t\t<\/section>\n\t\t\t\t<section class=\"elementor-section elementor-top-section elementor-element elementor-element-3a25f9f elementor-section-boxed elementor-section-height-default elementor-section-height-default\" data-id=\"3a25f9f\" data-element_type=\"section\" data-e-type=\"section\">\n\t\t\t\t\t\t<div class=\"elementor-container elementor-column-gap-default\">\n\t\t\t\t\t<div class=\"elementor-column elementor-col-100 elementor-top-column elementor-element elementor-element-1773aeb\" data-id=\"1773aeb\" data-element_type=\"column\" data-e-type=\"column\">\n\t\t\t<div class=\"elementor-widget-wrap elementor-element-populated\">\n\t\t\t\t\t\t<div class=\"elementor-element elementor-element-b52dbef elementor-widget elementor-widget-spacer\" data-id=\"b52dbef\" data-element_type=\"widget\" data-e-type=\"widget\" data-widget_type=\"spacer.default\">\n\t\t\t\t<div class=\"elementor-widget-container\">\n\t\t\t\t\t\t\t<div class=\"elementor-spacer\">\n\t\t\t<div class=\"elementor-spacer-inner\"><\/div>\n\t\t<\/div>\n\t\t\t\t\t\t<\/div>\n\t\t\t\t<\/div>\n\t\t\t\t\t<\/div>\n\t\t<\/div>\n\t\t\t\t\t<\/div>\n\t\t<\/section>\n\t\t\t\t<\/div>\n\t\t","protected":false},"excerpt":{"rendered":"<p>PREMIO DI POESIA &#8220;VILLA DELLE GINESTRE&#8221; III EDIZIONE 2022 Art.1 La Fondazione Ente per le Ville Vesuviane indice la terza edizione del \u201cPremio di Poesia Villa delle Ginestre&#8221;, con sede [&hellip;]<\/p>\n","protected":false},"author":1,"featured_media":0,"parent":0,"menu_order":0,"comment_status":"closed","ping_status":"closed","template":"","meta":{"_acf_changed":false,"footnotes":""},"categories":[],"tags":[],"class_list":["post-5163","page","type-page","status-publish","hentry"],"acf":[],"yoast_head":"<!-- This site is optimized with the Yoast SEO plugin v27.4 - https:\/\/yoast.com\/product\/yoast-seo-wordpress\/ -->\n<title>Premio di Poesia &quot;Villa delle Ginestre&quot; III Edizione 2022 - Ville Vesuviane<\/title>\n<meta name=\"robots\" content=\"index, follow, max-snippet:-1, max-image-preview:large, max-video-preview:-1\" \/>\n<link rel=\"canonical\" href=\"https:\/\/www.villevesuviane.net\/en\/premio-di-poesia-villa-delle-ginestre-iii-edizione-2022\/\" \/>\n<meta property=\"og:locale\" content=\"en_US\" \/>\n<meta property=\"og:type\" content=\"article\" \/>\n<meta property=\"og:title\" content=\"Premio di Poesia &quot;Villa delle Ginestre&quot; III Edizione 2022 - Ville Vesuviane\" \/>\n<meta property=\"og:description\" content=\"PREMIO DI POESIA &#8220;VILLA DELLE GINESTRE&#8221; III EDIZIONE 2022 Art.1 La Fondazione Ente per le Ville Vesuviane indice la terza edizione del \u201cPremio di Poesia Villa delle Ginestre&#8221;, con sede [&hellip;]\" \/>\n<meta property=\"og:url\" content=\"https:\/\/www.villevesuviane.net\/premio-di-poesia-villa-delle-ginestre-iii-edizione-2022\/\" \/>\n<meta property=\"og:site_name\" content=\"Ville Vesuviane\" \/>\n<meta property=\"article:publisher\" content=\"https:\/\/www.facebook.com\/villevesuviane.net\/\" \/>\n<meta property=\"article:modified_time\" content=\"2022-02-14T17:13:21+00:00\" \/>\n<meta property=\"og:image\" content=\"http:\/\/www.villevesuviane.net\/wp-content\/uploads\/2022\/02\/banner-sito-bando.jpg\" \/>\n<meta name=\"twitter:card\" content=\"summary_large_image\" \/>\n<meta name=\"twitter:label1\" content=\"Est. reading time\" \/>\n\t<meta name=\"twitter:data1\" content=\"3 minutes\" \/>\n<script type=\"application\/ld+json\" class=\"yoast-schema-graph\">{\"@context\":\"https:\\\/\\\/schema.org\",\"@graph\":[{\"@type\":\"WebPage\",\"@id\":\"https:\\\/\\\/www.villevesuviane.net\\\/premio-di-poesia-villa-delle-ginestre-iii-edizione-2022\\\/\",\"url\":\"https:\\\/\\\/www.villevesuviane.net\\\/premio-di-poesia-villa-delle-ginestre-iii-edizione-2022\\\/\",\"name\":\"Premio di Poesia \\\"Villa delle Ginestre\\\" III Edizione 2022 - Ville Vesuviane\",\"isPartOf\":{\"@id\":\"https:\\\/\\\/www.villevesuviane.net\\\/#website\"},\"primaryImageOfPage\":{\"@id\":\"https:\\\/\\\/www.villevesuviane.net\\\/premio-di-poesia-villa-delle-ginestre-iii-edizione-2022\\\/#primaryimage\"},\"image\":{\"@id\":\"https:\\\/\\\/www.villevesuviane.net\\\/premio-di-poesia-villa-delle-ginestre-iii-edizione-2022\\\/#primaryimage\"},\"thumbnailUrl\":\"http:\\\/\\\/www.villevesuviane.net\\\/wp-content\\\/uploads\\\/2022\\\/02\\\/banner-sito-bando.jpg\",\"datePublished\":\"2022-02-14T12:18:46+00:00\",\"dateModified\":\"2022-02-14T17:13:21+00:00\",\"breadcrumb\":{\"@id\":\"https:\\\/\\\/www.villevesuviane.net\\\/premio-di-poesia-villa-delle-ginestre-iii-edizione-2022\\\/#breadcrumb\"},\"inLanguage\":\"en-US\",\"potentialAction\":[{\"@type\":\"ReadAction\",\"target\":[\"https:\\\/\\\/www.villevesuviane.net\\\/premio-di-poesia-villa-delle-ginestre-iii-edizione-2022\\\/\"]}]},{\"@type\":\"ImageObject\",\"inLanguage\":\"en-US\",\"@id\":\"https:\\\/\\\/www.villevesuviane.net\\\/premio-di-poesia-villa-delle-ginestre-iii-edizione-2022\\\/#primaryimage\",\"url\":\"http:\\\/\\\/www.villevesuviane.net\\\/wp-content\\\/uploads\\\/2022\\\/02\\\/banner-sito-bando.jpg\",\"contentUrl\":\"http:\\\/\\\/www.villevesuviane.net\\\/wp-content\\\/uploads\\\/2022\\\/02\\\/banner-sito-bando.jpg\"},{\"@type\":\"BreadcrumbList\",\"@id\":\"https:\\\/\\\/www.villevesuviane.net\\\/premio-di-poesia-villa-delle-ginestre-iii-edizione-2022\\\/#breadcrumb\",\"itemListElement\":[{\"@type\":\"ListItem\",\"position\":1,\"name\":\"Home\",\"item\":\"https:\\\/\\\/www.villevesuviane.net\\\/\"},{\"@type\":\"ListItem\",\"position\":2,\"name\":\"Premio di Poesia &#8220;Villa delle Ginestre&#8221; III Edizione 2022\"}]},{\"@type\":\"WebSite\",\"@id\":\"https:\\\/\\\/www.villevesuviane.net\\\/#website\",\"url\":\"https:\\\/\\\/www.villevesuviane.net\\\/\",\"name\":\"Ville Vesuviane\",\"description\":\"Fondazione Ente Ville Vesuviane\",\"potentialAction\":[{\"@type\":\"SearchAction\",\"target\":{\"@type\":\"EntryPoint\",\"urlTemplate\":\"https:\\\/\\\/www.villevesuviane.net\\\/?s={search_term_string}\"},\"query-input\":{\"@type\":\"PropertyValueSpecification\",\"valueRequired\":true,\"valueName\":\"search_term_string\"}}],\"inLanguage\":\"en-US\"}]}<\/script>\n<!-- \/ Yoast SEO plugin. -->","yoast_head_json":{"title":"Premio di Poesia \"Villa delle Ginestre\" III Edizione 2022 - Ville Vesuviane","robots":{"index":"index","follow":"follow","max-snippet":"max-snippet:-1","max-image-preview":"max-image-preview:large","max-video-preview":"max-video-preview:-1"},"canonical":"https:\/\/www.villevesuviane.net\/en\/premio-di-poesia-villa-delle-ginestre-iii-edizione-2022\/","og_locale":"en_US","og_type":"article","og_title":"Premio di Poesia \"Villa delle Ginestre\" III Edizione 2022 - Ville Vesuviane","og_description":"PREMIO DI POESIA &#8220;VILLA DELLE GINESTRE&#8221; III EDIZIONE 2022 Art.1 La Fondazione Ente per le Ville Vesuviane indice la terza edizione del \u201cPremio di Poesia Villa delle Ginestre&#8221;, con sede [&hellip;]","og_url":"https:\/\/www.villevesuviane.net\/premio-di-poesia-villa-delle-ginestre-iii-edizione-2022\/","og_site_name":"Ville Vesuviane","article_publisher":"https:\/\/www.facebook.com\/villevesuviane.net\/","article_modified_time":"2022-02-14T17:13:21+00:00","og_image":[{"url":"http:\/\/www.villevesuviane.net\/wp-content\/uploads\/2022\/02\/banner-sito-bando.jpg","type":"","width":"","height":""}],"twitter_card":"summary_large_image","twitter_misc":{"Est. reading time":"3 minutes"},"schema":{"@context":"https:\/\/schema.org","@graph":[{"@type":"WebPage","@id":"https:\/\/www.villevesuviane.net\/premio-di-poesia-villa-delle-ginestre-iii-edizione-2022\/","url":"https:\/\/www.villevesuviane.net\/premio-di-poesia-villa-delle-ginestre-iii-edizione-2022\/","name":"Premio di Poesia \"Villa delle Ginestre\" III Edizione 2022 - Ville Vesuviane","isPartOf":{"@id":"https:\/\/www.villevesuviane.net\/#website"},"primaryImageOfPage":{"@id":"https:\/\/www.villevesuviane.net\/premio-di-poesia-villa-delle-ginestre-iii-edizione-2022\/#primaryimage"},"image":{"@id":"https:\/\/www.villevesuviane.net\/premio-di-poesia-villa-delle-ginestre-iii-edizione-2022\/#primaryimage"},"thumbnailUrl":"http:\/\/www.villevesuviane.net\/wp-content\/uploads\/2022\/02\/banner-sito-bando.jpg","datePublished":"2022-02-14T12:18:46+00:00","dateModified":"2022-02-14T17:13:21+00:00","breadcrumb":{"@id":"https:\/\/www.villevesuviane.net\/premio-di-poesia-villa-delle-ginestre-iii-edizione-2022\/#breadcrumb"},"inLanguage":"en-US","potentialAction":[{"@type":"ReadAction","target":["https:\/\/www.villevesuviane.net\/premio-di-poesia-villa-delle-ginestre-iii-edizione-2022\/"]}]},{"@type":"ImageObject","inLanguage":"en-US","@id":"https:\/\/www.villevesuviane.net\/premio-di-poesia-villa-delle-ginestre-iii-edizione-2022\/#primaryimage","url":"http:\/\/www.villevesuviane.net\/wp-content\/uploads\/2022\/02\/banner-sito-bando.jpg","contentUrl":"http:\/\/www.villevesuviane.net\/wp-content\/uploads\/2022\/02\/banner-sito-bando.jpg"},{"@type":"BreadcrumbList","@id":"https:\/\/www.villevesuviane.net\/premio-di-poesia-villa-delle-ginestre-iii-edizione-2022\/#breadcrumb","itemListElement":[{"@type":"ListItem","position":1,"name":"Home","item":"https:\/\/www.villevesuviane.net\/"},{"@type":"ListItem","position":2,"name":"Premio di Poesia &#8220;Villa delle Ginestre&#8221; III Edizione 2022"}]},{"@type":"WebSite","@id":"https:\/\/www.villevesuviane.net\/#website","url":"https:\/\/www.villevesuviane.net\/","name":"Ville Vesuviane","description":"Fondazione Ente Ville Vesuviane","potentialAction":[{"@type":"SearchAction","target":{"@type":"EntryPoint","urlTemplate":"https:\/\/www.villevesuviane.net\/?s={search_term_string}"},"query-input":{"@type":"PropertyValueSpecification","valueRequired":true,"valueName":"search_term_string"}}],"inLanguage":"en-US"}]}},"_links":{"self":[{"href":"https:\/\/www.villevesuviane.net\/en\/wp-json\/wp\/v2\/pages\/5163","targetHints":{"allow":["GET"]}}],"collection":[{"href":"https:\/\/www.villevesuviane.net\/en\/wp-json\/wp\/v2\/pages"}],"about":[{"href":"https:\/\/www.villevesuviane.net\/en\/wp-json\/wp\/v2\/types\/page"}],"author":[{"embeddable":true,"href":"https:\/\/www.villevesuviane.net\/en\/wp-json\/wp\/v2\/users\/1"}],"replies":[{"embeddable":true,"href":"https:\/\/www.villevesuviane.net\/en\/wp-json\/wp\/v2\/comments?post=5163"}],"version-history":[{"count":20,"href":"https:\/\/www.villevesuviane.net\/en\/wp-json\/wp\/v2\/pages\/5163\/revisions"}],"predecessor-version":[{"id":5203,"href":"https:\/\/www.villevesuviane.net\/en\/wp-json\/wp\/v2\/pages\/5163\/revisions\/5203"}],"wp:attachment":[{"href":"https:\/\/www.villevesuviane.net\/en\/wp-json\/wp\/v2\/media?parent=5163"}],"wp:term":[{"taxonomy":"category","embeddable":true,"href":"https:\/\/www.villevesuviane.net\/en\/wp-json\/wp\/v2\/categories?post=5163"},{"taxonomy":"post_tag","embeddable":true,"href":"https:\/\/www.villevesuviane.net\/en\/wp-json\/wp\/v2\/tags?post=5163"}],"curies":[{"name":"wp","href":"https:\/\/api.w.org\/{rel}","templated":true}]}}