{"id":5212,"date":"2022-02-18T10:49:41","date_gmt":"2022-02-18T09:49:41","guid":{"rendered":"https:\/\/www.villevesuviane.net\/?page_id=5212"},"modified":"2022-02-18T10:51:39","modified_gmt":"2022-02-18T09:51:39","slug":"extramann","status":"publish","type":"page","link":"https:\/\/www.villevesuviane.net\/en\/extramann\/","title":{"rendered":"extraMANN"},"content":{"rendered":"\t\t<div data-elementor-type=\"wp-page\" data-elementor-id=\"5212\" class=\"elementor elementor-5212\" data-elementor-post-type=\"page\">\n\t\t\t\t\t\t<section class=\"elementor-section elementor-top-section elementor-element elementor-element-836138c elementor-section-boxed elementor-section-height-default elementor-section-height-default\" data-id=\"836138c\" data-element_type=\"section\" data-e-type=\"section\">\n\t\t\t\t\t\t<div class=\"elementor-container elementor-column-gap-default\">\n\t\t\t\t\t<div class=\"elementor-column elementor-col-100 elementor-top-column elementor-element elementor-element-21b4e65\" data-id=\"21b4e65\" data-element_type=\"column\" data-e-type=\"column\">\n\t\t\t<div class=\"elementor-widget-wrap elementor-element-populated\">\n\t\t\t\t\t\t<div class=\"elementor-element elementor-element-0fa84f4 elementor-widget elementor-widget-image\" data-id=\"0fa84f4\" data-element_type=\"widget\" data-e-type=\"widget\" data-widget_type=\"image.default\">\n\t\t\t\t<div class=\"elementor-widget-container\">\n\t\t\t\t\t\t\t\t\t\t\t\t\t\t\t<img fetchpriority=\"high\" decoding=\"async\" width=\"1248\" height=\"393\" src=\"https:\/\/www.villevesuviane.net\/wp-content\/uploads\/2022\/02\/banner-app-sito.png\" class=\"attachment-full size-full wp-image-5213\" alt=\"\" srcset=\"https:\/\/www.villevesuviane.net\/wp-content\/uploads\/2022\/02\/banner-app-sito.png 1248w, https:\/\/www.villevesuviane.net\/wp-content\/uploads\/2022\/02\/banner-app-sito-300x94.png 300w, https:\/\/www.villevesuviane.net\/wp-content\/uploads\/2022\/02\/banner-app-sito-1024x322.png 1024w, https:\/\/www.villevesuviane.net\/wp-content\/uploads\/2022\/02\/banner-app-sito-768x242.png 768w\" sizes=\"(max-width: 1248px) 100vw, 1248px\" \/>\t\t\t\t\t\t\t\t\t\t\t\t\t\t\t<\/div>\n\t\t\t\t<\/div>\n\t\t\t\t<div class=\"elementor-element elementor-element-e13a5e1 elementor-widget elementor-widget-spacer\" data-id=\"e13a5e1\" data-element_type=\"widget\" data-e-type=\"widget\" data-widget_type=\"spacer.default\">\n\t\t\t\t<div class=\"elementor-widget-container\">\n\t\t\t\t\t\t\t<div class=\"elementor-spacer\">\n\t\t\t<div class=\"elementor-spacer-inner\"><\/div>\n\t\t<\/div>\n\t\t\t\t\t\t<\/div>\n\t\t\t\t<\/div>\n\t\t\t\t<div class=\"elementor-element elementor-element-cf7980d elementor-widget elementor-widget-text-editor\" data-id=\"cf7980d\" data-element_type=\"widget\" data-e-type=\"widget\" data-widget_type=\"text-editor.default\">\n\t\t\t\t<div class=\"elementor-widget-container\">\n\t\t\t\t\t\t\t\t\t<div dir=\"auto\"><p style=\"text-align: left;\"><strong>extraMANN<\/strong> \u00e8 la prima app che invita a un racconto collettivo del patrimonio culturale di Napoli grazie a un\u2019innovativa applicazione di &#8220;mappatura collaborativa&#8221;.<\/p><\/div><p>Partendo dal Museo Archeologico Nazionale di Napoli, che dal 2017 ha creato e promuove una rete composta ad oggi da circa 40 luoghi d&#8217;arte, l&#8217;app extraMANN\u00a0 offre all&#8217;utente, che sia turista o cittadino, la possibilit\u00e0 non solo di informarsi sulle attivit\u00e0 dei siti\u00a0 culturali, ma di\u00a0 partecipare narrando la propria esperienza, condividendo impressioni o suggerendo nuove visite e itinerari.<\/p><p>L\u2019app promossa dal Museo Archeologico Nazionale di Napoli (Progetto finanziato dal PON Cultura e Sviluppo 2014-2020 FESR) \u00e8 stata realizzata dalla Start Up napoletana CityOpenSource nell&#8217;ambito del progetto universitario OBVIA (Out Of Boundaries Viral Art Dissemination) adottato dal MANN per diffondere, attraverso l&#8217;arte e la tecnologia, l&#8217;immagine del Museo in collegamento con il territorio. Il claim scelto \u00e8 &#8220;extraMANN &#8211; Racconta la tua Napoli&#8221;, che spiega i contenuti dell&#8217;applicazione e contemporaneamente invita a partecipare alla narrazione.<\/p><p>In italiano e Inglese, disponibile gratuitamente iOS e Android e tutti gli store digitali, l&#8217;app extraMANN conduce alla scoperta dei luoghi della rete, seguendo itinerari tematici e accedendo gli eventi che gli stessi siti propongono. L\u2019applicazione permette inoltre di poter raccontare la propria esperienza aggiungendo contenuti come testi, foto, video e audio, e anche &#8220;mappando&#8221; altri luoghi della citt\u00e0 estranei alla rete promossa dal MANN.<\/p><p>Periodicamente saranno lanciati per utenti e contributors concorsi e iniziative promozionali.<\/p><p>&#8220;L&#8217;attivazione di questa app &#8211; spiega il Direttore del MANN Paolo Giulierini &#8211;\u00a0 \u00e8 parte integrante del progetto OBVIA e va ad arricchire con un nuovo strumento una rete partita nel 2017 con la prima card extraMANN che mise in connessione il Museo e nove siti del centro storico.\u00a0 Oggi extraMann \u00e8 cresciuta e coinvolge circa 40 luoghi d&#8217;arte e cultura altamente significativi, in Galleria Principe e nella Sanit\u00e0, dai musei universitari, ai Vergini, da Posillipo a Portici per ricordarne solo alcuni, gestiti da 33 operatori tra associazioni, enti, fondazioni. Una rete che vuole essere protagonista di quel &#8220;quartiere della cultura&#8221; per il quale tutti insieme dobbiamo lavorare, un patto che vuole generare non solo promozione e scontistica ma progetti culturali, in una visione comune del territorio. Nella app raccontiamo tutto questo in maniera condivisa, aperta. Realizzare una semplice guida digitale avrebbe avuto poco senso, l&#8217;obiettivo \u00e8 rendere viva e partecipata la narrazione di queste esperienze allargando la nostra rete e le opportunit\u00e0 di tutti&#8221;.<\/p><p>&#8221;L&#8217;app extraMANN vuole promuovere il protagonismo attivo delle persone nel racconto del territorio, insieme allo sviluppo di un\u2019offerta turistica &#8216;community based&#8217; costruita sull\u2019esperienza di chi vive o visita la nostra citt\u00e0 &#8211; spiega Ilaria Vitellio di CityOpenSource &#8211;\u00a0 Permette a tutti di costruire mappe collaborative che raccontano il patrimonio culturale della citt\u00e0 proprio partendo dai tanti luoghi di una rete, quella attivata dal MANN, che \u00e8 in costante espansione. Si tratta di mete legate all\u2019archeologia, all\u2019arte, alla storia, alla scienza, anche sottoterra ed &#8230;in movimento&#8221;.<\/p><p>&#8221;La rete extraMANN nasce nell&#8217;ambito del pi\u00f9 ampio progetto universitario OBVIA per la disseminazione dell&#8217;immagine del MANN, l&#8217;aumento dell&#8217;audience development e del public engagement &#8211; spiega Daniela Savy (Universit\u00e0 Federico II) coordinatrice OBVIA &#8211; \u00e8 in linea con la politica culturale europea e nazionale di apertura al territorio dei siti culturali, concepiti quale risorsa di crescita della collettivit\u00e0. L&#8217;Universit\u00e0 \u00e8 in movimento per la terza missione, ossia ricerca applicata al territorio e tra le reti con le infrastrutture scientifiche e culturali realizzate per il MANN dal progetto OBVIA. Si \u00e8 creata cos\u00ec una rete di siti culturali minori gestiti da associazioni, cooperative, onlus, musei universitari che pongono in essere, con l&#8217;attrattore maggiore, una costante attivit\u00e0 di valorizzazione reciproca, presidio culturale sul territorio per lo sviluppo economico, culturale, sociale.<\/p><p>L&#8217;elenco siti Extramann \u00e8 consultabile su <a href=\"http:\/\/mannapoli.it\/\">mannapoli.it<\/a><\/p>\t\t\t\t\t\t\t\t<\/div>\n\t\t\t\t<\/div>\n\t\t\t\t\t<\/div>\n\t\t<\/div>\n\t\t\t\t\t<\/div>\n\t\t<\/section>\n\t\t\t\t<section class=\"elementor-section elementor-top-section elementor-element elementor-element-106c1dd elementor-section-content-middle elementor-section-boxed elementor-section-height-default elementor-section-height-default\" data-id=\"106c1dd\" data-element_type=\"section\" data-e-type=\"section\">\n\t\t\t\t\t\t<div class=\"elementor-container elementor-column-gap-custom\">\n\t\t\t\t\t<div class=\"elementor-column elementor-col-25 elementor-top-column elementor-element elementor-element-5caf315\" data-id=\"5caf315\" data-element_type=\"column\" data-e-type=\"column\">\n\t\t\t<div class=\"elementor-widget-wrap elementor-element-populated\">\n\t\t\t\t\t\t<div class=\"elementor-element elementor-element-4704525 elementor-widget elementor-widget-image\" data-id=\"4704525\" data-element_type=\"widget\" data-e-type=\"widget\" data-widget_type=\"image.default\">\n\t\t\t\t<div class=\"elementor-widget-container\">\n\t\t\t\t\t\t\t\t\t\t\t\t\t\t\t<img decoding=\"async\" width=\"338\" height=\"110\" src=\"https:\/\/www.villevesuviane.net\/wp-content\/uploads\/2022\/02\/mann.png\" class=\"attachment-large size-large wp-image-5219\" alt=\"\" srcset=\"https:\/\/www.villevesuviane.net\/wp-content\/uploads\/2022\/02\/mann.png 338w, https:\/\/www.villevesuviane.net\/wp-content\/uploads\/2022\/02\/mann-300x98.png 300w\" sizes=\"(max-width: 338px) 100vw, 338px\" \/>\t\t\t\t\t\t\t\t\t\t\t\t\t\t\t<\/div>\n\t\t\t\t<\/div>\n\t\t\t\t\t<\/div>\n\t\t<\/div>\n\t\t\t\t<div class=\"elementor-column elementor-col-25 elementor-top-column elementor-element elementor-element-4d52240\" data-id=\"4d52240\" data-element_type=\"column\" data-e-type=\"column\">\n\t\t\t<div class=\"elementor-widget-wrap elementor-element-populated\">\n\t\t\t\t\t\t<div class=\"elementor-element elementor-element-92e3695 elementor-widget elementor-widget-image\" data-id=\"92e3695\" data-element_type=\"widget\" data-e-type=\"widget\" data-widget_type=\"image.default\">\n\t\t\t\t<div class=\"elementor-widget-container\">\n\t\t\t\t\t\t\t\t\t\t\t\t\t\t\t<img decoding=\"async\" width=\"314\" height=\"97\" src=\"https:\/\/www.villevesuviane.net\/wp-content\/uploads\/2022\/02\/federico-ii.png\" class=\"attachment-large size-large wp-image-5217\" alt=\"\" srcset=\"https:\/\/www.villevesuviane.net\/wp-content\/uploads\/2022\/02\/federico-ii.png 314w, https:\/\/www.villevesuviane.net\/wp-content\/uploads\/2022\/02\/federico-ii-300x93.png 300w\" sizes=\"(max-width: 314px) 100vw, 314px\" \/>\t\t\t\t\t\t\t\t\t\t\t\t\t\t\t<\/div>\n\t\t\t\t<\/div>\n\t\t\t\t\t<\/div>\n\t\t<\/div>\n\t\t\t\t<div class=\"elementor-column elementor-col-25 elementor-top-column elementor-element elementor-element-4e35d0b\" data-id=\"4e35d0b\" data-element_type=\"column\" data-e-type=\"column\">\n\t\t\t<div class=\"elementor-widget-wrap elementor-element-populated\">\n\t\t\t\t\t\t<div class=\"elementor-element elementor-element-cb5cd1b elementor-widget elementor-widget-image\" data-id=\"cb5cd1b\" data-element_type=\"widget\" data-e-type=\"widget\" data-widget_type=\"image.default\">\n\t\t\t\t<div class=\"elementor-widget-container\">\n\t\t\t\t\t\t\t\t\t\t\t\t\t\t\t<img loading=\"lazy\" decoding=\"async\" width=\"156\" height=\"141\" src=\"https:\/\/www.villevesuviane.net\/wp-content\/uploads\/2022\/02\/obvia.png\" class=\"attachment-medium size-medium wp-image-5221\" alt=\"\" \/>\t\t\t\t\t\t\t\t\t\t\t\t\t\t\t<\/div>\n\t\t\t\t<\/div>\n\t\t\t\t\t<\/div>\n\t\t<\/div>\n\t\t\t\t<div class=\"elementor-column elementor-col-25 elementor-top-column elementor-element elementor-element-e16b6bc\" data-id=\"e16b6bc\" data-element_type=\"column\" data-e-type=\"column\">\n\t\t\t<div class=\"elementor-widget-wrap elementor-element-populated\">\n\t\t\t\t\t\t<div class=\"elementor-element elementor-element-b636213 elementor-widget elementor-widget-image\" data-id=\"b636213\" data-element_type=\"widget\" data-e-type=\"widget\" data-widget_type=\"image.default\">\n\t\t\t\t<div class=\"elementor-widget-container\">\n\t\t\t\t\t\t\t\t\t\t\t\t\t\t\t<img loading=\"lazy\" decoding=\"async\" width=\"300\" height=\"53\" src=\"https:\/\/www.villevesuviane.net\/wp-content\/uploads\/2022\/02\/city-open-source-300x53.png\" class=\"attachment-medium size-medium wp-image-5215\" alt=\"\" srcset=\"https:\/\/www.villevesuviane.net\/wp-content\/uploads\/2022\/02\/city-open-source-300x53.png 300w, https:\/\/www.villevesuviane.net\/wp-content\/uploads\/2022\/02\/city-open-source.png 323w\" sizes=\"(max-width: 300px) 100vw, 300px\" \/>\t\t\t\t\t\t\t\t\t\t\t\t\t\t\t<\/div>\n\t\t\t\t<\/div>\n\t\t\t\t\t<\/div>\n\t\t<\/div>\n\t\t\t\t\t<\/div>\n\t\t<\/section>\n\t\t\t\t<section class=\"elementor-section elementor-top-section elementor-element elementor-element-2d8cb75 elementor-section-boxed elementor-section-height-default elementor-section-height-default\" data-id=\"2d8cb75\" data-element_type=\"section\" data-e-type=\"section\">\n\t\t\t\t\t\t<div class=\"elementor-container elementor-column-gap-default\">\n\t\t\t\t\t<div class=\"elementor-column elementor-col-100 elementor-top-column elementor-element elementor-element-99e0c6f\" data-id=\"99e0c6f\" data-element_type=\"column\" data-e-type=\"column\">\n\t\t\t<div class=\"elementor-widget-wrap elementor-element-populated\">\n\t\t\t\t\t\t<div class=\"elementor-element elementor-element-f725f9b elementor-widget elementor-widget-video\" data-id=\"f725f9b\" data-element_type=\"widget\" data-e-type=\"widget\" data-settings=\"{&quot;video_type&quot;:&quot;hosted&quot;,&quot;controls&quot;:&quot;yes&quot;}\" data-widget_type=\"video.default\">\n\t\t\t\t<div class=\"elementor-widget-container\">\n\t\t\t\t\t\t\t<div class=\"e-hosted-video elementor-wrapper elementor-open-inline\">\n\t\t\t\t\t<video class=\"elementor-video\" src=\"https:\/\/www.villevesuviane.net\/wp-content\/uploads\/2022\/02\/VideoAPPextramann.mp4\" controls=\"\" preload=\"metadata\" controlsList=\"nodownload\"><\/video>\n\t\t\t\t<\/div>\n\t\t\t\t\t\t<\/div>\n\t\t\t\t<\/div>\n\t\t\t\t\t<\/div>\n\t\t<\/div>\n\t\t\t\t\t<\/div>\n\t\t<\/section>\n\t\t\t\t<section class=\"elementor-section elementor-top-section elementor-element elementor-element-3a25f9f elementor-section-boxed elementor-section-height-default elementor-section-height-default\" data-id=\"3a25f9f\" data-element_type=\"section\" data-e-type=\"section\">\n\t\t\t\t\t\t<div class=\"elementor-container elementor-column-gap-default\">\n\t\t\t\t\t<div class=\"elementor-column elementor-col-100 elementor-top-column elementor-element elementor-element-1773aeb\" data-id=\"1773aeb\" data-element_type=\"column\" data-e-type=\"column\">\n\t\t\t<div class=\"elementor-widget-wrap elementor-element-populated\">\n\t\t\t\t\t\t<div class=\"elementor-element elementor-element-b52dbef elementor-widget elementor-widget-spacer\" data-id=\"b52dbef\" data-element_type=\"widget\" data-e-type=\"widget\" data-widget_type=\"spacer.default\">\n\t\t\t\t<div class=\"elementor-widget-container\">\n\t\t\t\t\t\t\t<div class=\"elementor-spacer\">\n\t\t\t<div class=\"elementor-spacer-inner\"><\/div>\n\t\t<\/div>\n\t\t\t\t\t\t<\/div>\n\t\t\t\t<\/div>\n\t\t\t\t\t<\/div>\n\t\t<\/div>\n\t\t\t\t\t<\/div>\n\t\t<\/section>\n\t\t\t\t<\/div>\n\t\t","protected":false},"excerpt":{"rendered":"<p>extraMANN \u00e8 la prima app che invita a un racconto collettivo del patrimonio culturale di Napoli grazie a un\u2019innovativa applicazione di &#8220;mappatura collaborativa&#8221;. Partendo dal Museo Archeologico Nazionale di Napoli, [&hellip;]<\/p>\n","protected":false},"author":1,"featured_media":0,"parent":0,"menu_order":0,"comment_status":"closed","ping_status":"closed","template":"","meta":{"_acf_changed":false,"footnotes":""},"categories":[],"tags":[],"class_list":["post-5212","page","type-page","status-publish","hentry"],"acf":[],"yoast_head":"<!-- This site is optimized with the Yoast SEO plugin v27.5 - https:\/\/yoast.com\/product\/yoast-seo-wordpress\/ -->\n<title>extraMANN - Ville Vesuviane<\/title>\n<meta name=\"robots\" content=\"index, follow, max-snippet:-1, max-image-preview:large, max-video-preview:-1\" \/>\n<link rel=\"canonical\" href=\"https:\/\/www.villevesuviane.net\/en\/extramann\/\" \/>\n<meta property=\"og:locale\" content=\"en_US\" \/>\n<meta property=\"og:type\" content=\"article\" \/>\n<meta property=\"og:title\" content=\"extraMANN - Ville Vesuviane\" \/>\n<meta property=\"og:description\" content=\"extraMANN \u00e8 la prima app che invita a un racconto collettivo del patrimonio culturale di Napoli grazie a un\u2019innovativa applicazione di &#8220;mappatura collaborativa&#8221;. Partendo dal Museo Archeologico Nazionale di Napoli, [&hellip;]\" \/>\n<meta property=\"og:url\" content=\"https:\/\/www.villevesuviane.net\/extramann\/\" \/>\n<meta property=\"og:site_name\" content=\"Ville Vesuviane\" \/>\n<meta property=\"article:publisher\" content=\"https:\/\/www.facebook.com\/villevesuviane.net\/\" \/>\n<meta property=\"article:modified_time\" content=\"2022-02-18T09:51:39+00:00\" \/>\n<meta property=\"og:image\" content=\"http:\/\/www.villevesuviane.net\/wp-content\/uploads\/2022\/02\/banner-app-sito.png\" \/>\n<meta name=\"twitter:card\" content=\"summary_large_image\" \/>\n<meta name=\"twitter:label1\" content=\"Est. reading time\" \/>\n\t<meta name=\"twitter:data1\" content=\"4 minutes\" \/>\n<script type=\"application\/ld+json\" class=\"yoast-schema-graph\">{\"@context\":\"https:\\\/\\\/schema.org\",\"@graph\":[{\"@type\":\"WebPage\",\"@id\":\"https:\\\/\\\/www.villevesuviane.net\\\/extramann\\\/\",\"url\":\"https:\\\/\\\/www.villevesuviane.net\\\/extramann\\\/\",\"name\":\"extraMANN - Ville Vesuviane\",\"isPartOf\":{\"@id\":\"https:\\\/\\\/www.villevesuviane.net\\\/#website\"},\"primaryImageOfPage\":{\"@id\":\"https:\\\/\\\/www.villevesuviane.net\\\/extramann\\\/#primaryimage\"},\"image\":{\"@id\":\"https:\\\/\\\/www.villevesuviane.net\\\/extramann\\\/#primaryimage\"},\"thumbnailUrl\":\"http:\\\/\\\/www.villevesuviane.net\\\/wp-content\\\/uploads\\\/2022\\\/02\\\/banner-app-sito.png\",\"datePublished\":\"2022-02-18T09:49:41+00:00\",\"dateModified\":\"2022-02-18T09:51:39+00:00\",\"breadcrumb\":{\"@id\":\"https:\\\/\\\/www.villevesuviane.net\\\/extramann\\\/#breadcrumb\"},\"inLanguage\":\"en-US\",\"potentialAction\":[{\"@type\":\"ReadAction\",\"target\":[\"https:\\\/\\\/www.villevesuviane.net\\\/extramann\\\/\"]}]},{\"@type\":\"ImageObject\",\"inLanguage\":\"en-US\",\"@id\":\"https:\\\/\\\/www.villevesuviane.net\\\/extramann\\\/#primaryimage\",\"url\":\"http:\\\/\\\/www.villevesuviane.net\\\/wp-content\\\/uploads\\\/2022\\\/02\\\/banner-app-sito.png\",\"contentUrl\":\"http:\\\/\\\/www.villevesuviane.net\\\/wp-content\\\/uploads\\\/2022\\\/02\\\/banner-app-sito.png\"},{\"@type\":\"BreadcrumbList\",\"@id\":\"https:\\\/\\\/www.villevesuviane.net\\\/extramann\\\/#breadcrumb\",\"itemListElement\":[{\"@type\":\"ListItem\",\"position\":1,\"name\":\"Home\",\"item\":\"https:\\\/\\\/www.villevesuviane.net\\\/\"},{\"@type\":\"ListItem\",\"position\":2,\"name\":\"extraMANN\"}]},{\"@type\":\"WebSite\",\"@id\":\"https:\\\/\\\/www.villevesuviane.net\\\/#website\",\"url\":\"https:\\\/\\\/www.villevesuviane.net\\\/\",\"name\":\"Ville Vesuviane\",\"description\":\"Fondazione Ente Ville Vesuviane\",\"potentialAction\":[{\"@type\":\"SearchAction\",\"target\":{\"@type\":\"EntryPoint\",\"urlTemplate\":\"https:\\\/\\\/www.villevesuviane.net\\\/?s={search_term_string}\"},\"query-input\":{\"@type\":\"PropertyValueSpecification\",\"valueRequired\":true,\"valueName\":\"search_term_string\"}}],\"inLanguage\":\"en-US\"}]}<\/script>\n<!-- \/ Yoast SEO plugin. -->","yoast_head_json":{"title":"extraMANN - Ville Vesuviane","robots":{"index":"index","follow":"follow","max-snippet":"max-snippet:-1","max-image-preview":"max-image-preview:large","max-video-preview":"max-video-preview:-1"},"canonical":"https:\/\/www.villevesuviane.net\/en\/extramann\/","og_locale":"en_US","og_type":"article","og_title":"extraMANN - Ville Vesuviane","og_description":"extraMANN \u00e8 la prima app che invita a un racconto collettivo del patrimonio culturale di Napoli grazie a un\u2019innovativa applicazione di &#8220;mappatura collaborativa&#8221;. Partendo dal Museo Archeologico Nazionale di Napoli, [&hellip;]","og_url":"https:\/\/www.villevesuviane.net\/extramann\/","og_site_name":"Ville Vesuviane","article_publisher":"https:\/\/www.facebook.com\/villevesuviane.net\/","article_modified_time":"2022-02-18T09:51:39+00:00","og_image":[{"url":"http:\/\/www.villevesuviane.net\/wp-content\/uploads\/2022\/02\/banner-app-sito.png","type":"","width":"","height":""}],"twitter_card":"summary_large_image","twitter_misc":{"Est. reading time":"4 minutes"},"schema":{"@context":"https:\/\/schema.org","@graph":[{"@type":"WebPage","@id":"https:\/\/www.villevesuviane.net\/extramann\/","url":"https:\/\/www.villevesuviane.net\/extramann\/","name":"extraMANN - Ville Vesuviane","isPartOf":{"@id":"https:\/\/www.villevesuviane.net\/#website"},"primaryImageOfPage":{"@id":"https:\/\/www.villevesuviane.net\/extramann\/#primaryimage"},"image":{"@id":"https:\/\/www.villevesuviane.net\/extramann\/#primaryimage"},"thumbnailUrl":"http:\/\/www.villevesuviane.net\/wp-content\/uploads\/2022\/02\/banner-app-sito.png","datePublished":"2022-02-18T09:49:41+00:00","dateModified":"2022-02-18T09:51:39+00:00","breadcrumb":{"@id":"https:\/\/www.villevesuviane.net\/extramann\/#breadcrumb"},"inLanguage":"en-US","potentialAction":[{"@type":"ReadAction","target":["https:\/\/www.villevesuviane.net\/extramann\/"]}]},{"@type":"ImageObject","inLanguage":"en-US","@id":"https:\/\/www.villevesuviane.net\/extramann\/#primaryimage","url":"http:\/\/www.villevesuviane.net\/wp-content\/uploads\/2022\/02\/banner-app-sito.png","contentUrl":"http:\/\/www.villevesuviane.net\/wp-content\/uploads\/2022\/02\/banner-app-sito.png"},{"@type":"BreadcrumbList","@id":"https:\/\/www.villevesuviane.net\/extramann\/#breadcrumb","itemListElement":[{"@type":"ListItem","position":1,"name":"Home","item":"https:\/\/www.villevesuviane.net\/"},{"@type":"ListItem","position":2,"name":"extraMANN"}]},{"@type":"WebSite","@id":"https:\/\/www.villevesuviane.net\/#website","url":"https:\/\/www.villevesuviane.net\/","name":"Ville Vesuviane","description":"Fondazione Ente Ville Vesuviane","potentialAction":[{"@type":"SearchAction","target":{"@type":"EntryPoint","urlTemplate":"https:\/\/www.villevesuviane.net\/?s={search_term_string}"},"query-input":{"@type":"PropertyValueSpecification","valueRequired":true,"valueName":"search_term_string"}}],"inLanguage":"en-US"}]}},"_links":{"self":[{"href":"https:\/\/www.villevesuviane.net\/en\/wp-json\/wp\/v2\/pages\/5212","targetHints":{"allow":["GET"]}}],"collection":[{"href":"https:\/\/www.villevesuviane.net\/en\/wp-json\/wp\/v2\/pages"}],"about":[{"href":"https:\/\/www.villevesuviane.net\/en\/wp-json\/wp\/v2\/types\/page"}],"author":[{"embeddable":true,"href":"https:\/\/www.villevesuviane.net\/en\/wp-json\/wp\/v2\/users\/1"}],"replies":[{"embeddable":true,"href":"https:\/\/www.villevesuviane.net\/en\/wp-json\/wp\/v2\/comments?post=5212"}],"version-history":[{"count":7,"href":"https:\/\/www.villevesuviane.net\/en\/wp-json\/wp\/v2\/pages\/5212\/revisions"}],"predecessor-version":[{"id":5231,"href":"https:\/\/www.villevesuviane.net\/en\/wp-json\/wp\/v2\/pages\/5212\/revisions\/5231"}],"wp:attachment":[{"href":"https:\/\/www.villevesuviane.net\/en\/wp-json\/wp\/v2\/media?parent=5212"}],"wp:term":[{"taxonomy":"category","embeddable":true,"href":"https:\/\/www.villevesuviane.net\/en\/wp-json\/wp\/v2\/categories?post=5212"},{"taxonomy":"post_tag","embeddable":true,"href":"https:\/\/www.villevesuviane.net\/en\/wp-json\/wp\/v2\/tags?post=5212"}],"curies":[{"name":"wp","href":"https:\/\/api.w.org\/{rel}","templated":true}]}}